{"id":2,"date":"2025-12-11T16:27:04","date_gmt":"2025-12-11T16:27:04","guid":{"rendered":"https:\/\/academiaritmosopelana.rkinformatika.online\/?page_id=2"},"modified":"2025-12-19T12:32:59","modified_gmt":"2025-12-19T12:32:59","slug":"inicio","status":"publish","type":"page","link":"https:\/\/academiaritmosopelana.com\/eu\/","title":{"rendered":"Hasiera"},"content":{"rendered":"<div data-elementor-type=\"wp-page\" data-elementor-id=\"2\" class=\"elementor elementor-2\" data-elementor-post-type=\"page\">\n\t\t\t\t<div class=\"elementor-element elementor-element-5fa6886 e-flex e-con-boxed e-con e-parent\" data-id=\"5fa6886\" data-element_type=\"container\" data-e-type=\"container\" data-settings=\"{&quot;background_background&quot;:&quot;classic&quot;}\">\n\t\t\t\t\t<div class=\"e-con-inner\">\n\t\t\t\t<div class=\"elementor-element elementor-element-bd0bf48 elementor-widget elementor-widget-heading\" data-id=\"bd0bf48\" data-element_type=\"widget\" data-e-type=\"widget\" data-widget_type=\"heading.default\">\n\t\t\t\t\t<h2 class=\"elementor-heading-title elementor-size-default\">Erritmo Akademia<\/h2>\t\t\t\t<\/div>\n\t\t\t\t\t<\/div>\n\t\t\t\t<\/div>\n\t\t<div class=\"elementor-element elementor-element-1273acd e-flex e-con-boxed e-con e-parent\" data-id=\"1273acd\" data-element_type=\"container\" data-e-type=\"container\">\n\t\t\t\t\t<div class=\"e-con-inner\">\n\t\t<div class=\"elementor-element elementor-element-1972235 e-con-full e-flex e-con e-child\" data-id=\"1972235\" data-element_type=\"container\" data-e-type=\"container\">\n\t\t\t\t<div class=\"elementor-element elementor-element-1c594e9 elementor-widget elementor-widget-heading\" data-id=\"1c594e9\" data-element_type=\"widget\" data-e-type=\"widget\" data-widget_type=\"heading.default\">\n\t\t\t\t\t<h2 class=\"elementor-heading-title elementor-size-default\">Guri buruz<\/h2>\t\t\t\t<\/div>\n\t\t\t\t<div class=\"elementor-element elementor-element-a5093ea elementor-widget elementor-widget-text-editor\" data-id=\"a5093ea\" data-element_type=\"widget\" data-e-type=\"widget\" data-widget_type=\"text-editor.default\">\n\t\t\t\t\t\t\t\t\t<p data-start=\"118\" data-end=\"499\">Academia Ritmo Sopelanako musika-heziketari eskainitako gunea da. Bertan, musikarekiko grina ikaskuntza, hazkunde eta sormen bihurtzen da. Gure taldea 23 urte baino gehiagoko esperientzia eta irakasle ibilbide sendoa duten musikari profesionalek osatzen dute, maila, adin eta helburu bakoitzari egokitutako kalitatezko eskolak eskaintzeko konpromisoa dutenak.<\/p><p data-start=\"501\" data-end=\"780\">Irakaskuntza hurbil, praktiko eta motibatzailean sinesten dugu, ikasle bakoitzak bere estiloa garatu ahal izan dezan oinarri sendoa hartzen duen bitartean. Lehen urratsak ematen edo zure teknika hobetzen ari bazara, hemen aurkituko duzu aurrera egiteko akonpainamendurik egokiena.<\/p>\t\t\t\t\t\t\t\t<\/div>\n\t\t\t\t<\/div>\n\t\t<div class=\"elementor-element elementor-element-1c3fa62 e-con-full e-flex e-con e-child\" data-id=\"1c3fa62\" data-element_type=\"container\" data-e-type=\"container\">\n\t\t\t\t<div class=\"elementor-element elementor-element-da3ee17 elementor-widget elementor-widget-image\" data-id=\"da3ee17\" data-element_type=\"widget\" data-e-type=\"widget\" data-widget_type=\"image.default\">\n\t\t\t\t\t\t\t\t\t\t\t\t\t\t\t<img fetchpriority=\"high\" decoding=\"async\" width=\"800\" height=\"533\" src=\"https:\/\/academiaritmosopelana.com\/wp-content\/uploads\/2025\/12\/133521-1024x682.jpg\" class=\"elementor-animation-grow attachment-large size-large wp-image-286\" alt=\"\" srcset=\"https:\/\/academiaritmosopelana.com\/wp-content\/uploads\/2025\/12\/133521-1024x682.jpg 1024w, https:\/\/academiaritmosopelana.com\/wp-content\/uploads\/2025\/12\/133521-300x200.jpg 300w, https:\/\/academiaritmosopelana.com\/wp-content\/uploads\/2025\/12\/133521-768x512.jpg 768w, https:\/\/academiaritmosopelana.com\/wp-content\/uploads\/2025\/12\/133521-1536x1024.jpg 1536w, https:\/\/academiaritmosopelana.com\/wp-content\/uploads\/2025\/12\/133521-18x12.jpg 18w, https:\/\/academiaritmosopelana.com\/wp-content\/uploads\/2025\/12\/133521.jpg 2000w\" sizes=\"(max-width: 800px) 100vw, 800px\" \/>\t\t\t\t\t\t\t\t\t\t\t\t\t\t\t<\/div>\n\t\t\t\t<\/div>\n\t\t\t\t\t<\/div>\n\t\t\t\t<\/div>\n\t\t<div class=\"elementor-element elementor-element-3559155 e-flex e-con-boxed e-con e-parent\" data-id=\"3559155\" data-element_type=\"container\" data-e-type=\"container\" data-settings=\"{&quot;background_background&quot;:&quot;classic&quot;}\">\n\t\t\t\t\t<div class=\"e-con-inner\">\n\t\t\t\t<div class=\"elementor-element elementor-element-090eb91 elementor-widget elementor-widget-button\" data-id=\"090eb91\" data-element_type=\"widget\" data-e-type=\"widget\" data-widget_type=\"button.default\">\n\t\t\t\t\t\t\t\t\t\t<a class=\"elementor-button elementor-button-link elementor-size-sm\" href=\"\/eu\/servicios\/\">\n\t\t\t\t\t\t<span class=\"elementor-button-content-wrapper\">\n\t\t\t\t\t\t\t\t\t<span class=\"elementor-button-text\">Gure zerbitzuak<\/span>\n\t\t\t\t\t<\/span>\n\t\t\t\t\t<\/a>\n\t\t\t\t\t\t\t\t<\/div>\n\t\t\t\t\t<\/div>\n\t\t\t\t<\/div>\n\t\t\t\t<\/div>","protected":false},"excerpt":{"rendered":"<p>Academia Ritmo Sobre nosotros En Academia Ritmo somos un espacio dedicado a la formaci\u00f3n musical en Sopelana, donde la pasi\u00f3n por la m\u00fasica se transforma en aprendizaje, crecimiento y creatividad. Nuestro equipo est\u00e1 formado por m\u00fasicos profesionales con m\u00e1s de 23 a\u00f1os de experiencia y una s\u00f3lida trayectoria docente, comprometidos con ofrecer clases de calidad [&hellip;]<\/p>\n","protected":false},"author":1,"featured_media":0,"parent":0,"menu_order":0,"comment_status":"closed","ping_status":"closed","template":"elementor_canvas","meta":{"footnotes":""},"class_list":["post-2","page","type-page","status-publish","hentry"],"yoast_head":"<!-- This site is optimized with the Yoast SEO plugin v27.3 - https:\/\/yoast.com\/product\/yoast-seo-wordpress\/ -->\n<title>Inicio - Academia Ritmo Sopelana<\/title>\n<meta name=\"robots\" content=\"index, follow, max-snippet:-1, max-image-preview:large, max-video-preview:-1\" \/>\n<link rel=\"canonical\" href=\"https:\/\/academiaritmosopelana.com\/eu\/\" \/>\n<meta property=\"og:locale\" content=\"en_US\" \/>\n<meta property=\"og:type\" content=\"article\" \/>\n<meta property=\"og:title\" content=\"Inicio - Academia Ritmo Sopelana\" \/>\n<meta property=\"og:description\" content=\"Academia Ritmo Sobre nosotros En Academia Ritmo somos un espacio dedicado a la formaci\u00f3n musical en Sopelana, donde la pasi\u00f3n por la m\u00fasica se transforma en aprendizaje, crecimiento y creatividad. Nuestro equipo est\u00e1 formado por m\u00fasicos profesionales con m\u00e1s de 23 a\u00f1os de experiencia y una s\u00f3lida trayectoria docente, comprometidos con ofrecer clases de calidad [&hellip;]\" \/>\n<meta property=\"og:url\" content=\"https:\/\/academiaritmosopelana.com\/eu\/\" \/>\n<meta property=\"og:site_name\" content=\"Academia Ritmo Sopelana\" \/>\n<meta property=\"article:modified_time\" content=\"2025-12-19T12:32:59+00:00\" \/>\n<meta property=\"og:image\" content=\"https:\/\/academiaritmosopelana.com\/wp-content\/uploads\/2025\/12\/133521.jpg\" \/>\n\t<meta property=\"og:image:width\" content=\"2000\" \/>\n\t<meta property=\"og:image:height\" content=\"1333\" \/>\n\t<meta property=\"og:image:type\" content=\"image\/jpeg\" \/>\n<meta name=\"twitter:card\" content=\"summary_large_image\" \/>\n<meta name=\"twitter:label1\" content=\"Est. reading time\" \/>\n\t<meta name=\"twitter:data1\" content=\"1 minutua\" \/>\n<script type=\"application\/ld+json\" class=\"yoast-schema-graph\">{\"@context\":\"https:\\\/\\\/schema.org\",\"@graph\":[{\"@type\":\"WebPage\",\"@id\":\"https:\\\/\\\/academiaritmosopelana.com\\\/\",\"url\":\"https:\\\/\\\/academiaritmosopelana.com\\\/\",\"name\":\"Inicio - Academia Ritmo Sopelana\",\"isPartOf\":{\"@id\":\"https:\\\/\\\/academiaritmosopelana.com\\\/#website\"},\"primaryImageOfPage\":{\"@id\":\"https:\\\/\\\/academiaritmosopelana.com\\\/#primaryimage\"},\"image\":{\"@id\":\"https:\\\/\\\/academiaritmosopelana.com\\\/#primaryimage\"},\"thumbnailUrl\":\"https:\\\/\\\/academiaritmosopelana.com\\\/wp-content\\\/uploads\\\/2025\\\/12\\\/133521-1024x682.jpg\",\"datePublished\":\"2025-12-11T16:27:04+00:00\",\"dateModified\":\"2025-12-19T12:32:59+00:00\",\"breadcrumb\":{\"@id\":\"https:\\\/\\\/academiaritmosopelana.com\\\/#breadcrumb\"},\"inLanguage\":\"eu\",\"potentialAction\":[{\"@type\":\"ReadAction\",\"target\":[\"https:\\\/\\\/academiaritmosopelana.com\\\/\"]}]},{\"@type\":\"ImageObject\",\"inLanguage\":\"eu\",\"@id\":\"https:\\\/\\\/academiaritmosopelana.com\\\/#primaryimage\",\"url\":\"https:\\\/\\\/academiaritmosopelana.com\\\/wp-content\\\/uploads\\\/2025\\\/12\\\/133521-1024x682.jpg\",\"contentUrl\":\"https:\\\/\\\/academiaritmosopelana.com\\\/wp-content\\\/uploads\\\/2025\\\/12\\\/133521-1024x682.jpg\"},{\"@type\":\"BreadcrumbList\",\"@id\":\"https:\\\/\\\/academiaritmosopelana.com\\\/#breadcrumb\",\"itemListElement\":[{\"@type\":\"ListItem\",\"position\":1,\"name\":\"Portada\",\"item\":\"https:\\\/\\\/academiaritmosopelana.com\\\/\"},{\"@type\":\"ListItem\",\"position\":2,\"name\":\"Inicio\"}]},{\"@type\":\"WebSite\",\"@id\":\"https:\\\/\\\/academiaritmosopelana.com\\\/#website\",\"url\":\"https:\\\/\\\/academiaritmosopelana.com\\\/\",\"name\":\"Academia Ritmo Sopelana\",\"description\":\"En Academia Ritmo somos un espacio dedicado a la formaci\u00f3n musical en Sopelana, donde la pasi\u00f3n por la m\u00fasica se transforma en aprendizaje, crecimiento y creatividad. Nuestro equipo est\u00e1 formado por m\u00fasicos profesionales con m\u00e1s de 23 a\u00f1os de experiencia y una s\u00f3lida trayectoria docente, comprometidos con ofrecer clases de calidad adaptadas a cada nivel, edad y objetivo.\",\"publisher\":{\"@id\":\"https:\\\/\\\/academiaritmosopelana.com\\\/#organization\"},\"potentialAction\":[{\"@type\":\"SearchAction\",\"target\":{\"@type\":\"EntryPoint\",\"urlTemplate\":\"https:\\\/\\\/academiaritmosopelana.com\\\/?s={search_term_string}\"},\"query-input\":{\"@type\":\"PropertyValueSpecification\",\"valueRequired\":true,\"valueName\":\"search_term_string\"}}],\"inLanguage\":\"eu\"},{\"@type\":\"Organization\",\"@id\":\"https:\\\/\\\/academiaritmosopelana.com\\\/#organization\",\"name\":\"Academia Ritmo Sopelana\",\"url\":\"https:\\\/\\\/academiaritmosopelana.com\\\/\",\"logo\":{\"@type\":\"ImageObject\",\"inLanguage\":\"eu\",\"@id\":\"https:\\\/\\\/academiaritmosopelana.com\\\/#\\\/schema\\\/logo\\\/image\\\/\",\"url\":\"https:\\\/\\\/academiaritmosopelana.com\\\/wp-content\\\/uploads\\\/2025\\\/12\\\/cropped-academiamsicaritmo202510_logo_web.png\",\"contentUrl\":\"https:\\\/\\\/academiaritmosopelana.com\\\/wp-content\\\/uploads\\\/2025\\\/12\\\/cropped-academiamsicaritmo202510_logo_web.png\",\"width\":1080,\"height\":309,\"caption\":\"Academia Ritmo Sopelana\"},\"image\":{\"@id\":\"https:\\\/\\\/academiaritmosopelana.com\\\/#\\\/schema\\\/logo\\\/image\\\/\"}}]}<\/script>\n<!-- \/ Yoast SEO plugin. -->","yoast_head_json":{"title":"Inicio - Academia Ritmo Sopelana","robots":{"index":"index","follow":"follow","max-snippet":"max-snippet:-1","max-image-preview":"max-image-preview:large","max-video-preview":"max-video-preview:-1"},"canonical":"https:\/\/academiaritmosopelana.com\/eu\/","og_locale":"en_US","og_type":"article","og_title":"Inicio - Academia Ritmo Sopelana","og_description":"Academia Ritmo Sobre nosotros En Academia Ritmo somos un espacio dedicado a la formaci\u00f3n musical en Sopelana, donde la pasi\u00f3n por la m\u00fasica se transforma en aprendizaje, crecimiento y creatividad. Nuestro equipo est\u00e1 formado por m\u00fasicos profesionales con m\u00e1s de 23 a\u00f1os de experiencia y una s\u00f3lida trayectoria docente, comprometidos con ofrecer clases de calidad [&hellip;]","og_url":"https:\/\/academiaritmosopelana.com\/eu\/","og_site_name":"Academia Ritmo Sopelana","article_modified_time":"2025-12-19T12:32:59+00:00","og_image":[{"width":2000,"height":1333,"url":"https:\/\/academiaritmosopelana.com\/wp-content\/uploads\/2025\/12\/133521.jpg","type":"image\/jpeg"}],"twitter_card":"summary_large_image","twitter_misc":{"Est. reading time":"1 minutua"},"schema":{"@context":"https:\/\/schema.org","@graph":[{"@type":"WebPage","@id":"https:\/\/academiaritmosopelana.com\/","url":"https:\/\/academiaritmosopelana.com\/","name":"Inicio - Academia Ritmo Sopelana","isPartOf":{"@id":"https:\/\/academiaritmosopelana.com\/#website"},"primaryImageOfPage":{"@id":"https:\/\/academiaritmosopelana.com\/#primaryimage"},"image":{"@id":"https:\/\/academiaritmosopelana.com\/#primaryimage"},"thumbnailUrl":"https:\/\/academiaritmosopelana.com\/wp-content\/uploads\/2025\/12\/133521-1024x682.jpg","datePublished":"2025-12-11T16:27:04+00:00","dateModified":"2025-12-19T12:32:59+00:00","breadcrumb":{"@id":"https:\/\/academiaritmosopelana.com\/#breadcrumb"},"inLanguage":"eu","potentialAction":[{"@type":"ReadAction","target":["https:\/\/academiaritmosopelana.com\/"]}]},{"@type":"ImageObject","inLanguage":"eu","@id":"https:\/\/academiaritmosopelana.com\/#primaryimage","url":"https:\/\/academiaritmosopelana.com\/wp-content\/uploads\/2025\/12\/133521-1024x682.jpg","contentUrl":"https:\/\/academiaritmosopelana.com\/wp-content\/uploads\/2025\/12\/133521-1024x682.jpg"},{"@type":"BreadcrumbList","@id":"https:\/\/academiaritmosopelana.com\/#breadcrumb","itemListElement":[{"@type":"ListItem","position":1,"name":"Portada","item":"https:\/\/academiaritmosopelana.com\/"},{"@type":"ListItem","position":2,"name":"Inicio"}]},{"@type":"WebSite","@id":"https:\/\/academiaritmosopelana.com\/#website","url":"https:\/\/academiaritmosopelana.com\/","name":"Academia Ritmo Sopelana","description":"Academia Ritmo Sopelanako musika-heziketari eskainitako gunea da. Bertan, musikarekiko grina ikaskuntza, hazkunde eta sormen bihurtzen da. Gure taldea 23 urte baino gehiagoko esperientzia eta irakasle ibilbide sendoa duten musikari profesionalek osatzen dute, maila, adin eta helburu bakoitzari egokitutako kalitatezko eskolak eskaintzeko konpromisoa dutenak.","publisher":{"@id":"https:\/\/academiaritmosopelana.com\/#organization"},"potentialAction":[{"@type":"SearchAction","target":{"@type":"EntryPoint","urlTemplate":"https:\/\/academiaritmosopelana.com\/?s={search_term_string}"},"query-input":{"@type":"PropertyValueSpecification","valueRequired":true,"valueName":"search_term_string"}}],"inLanguage":"eu"},{"@type":"Organization","@id":"https:\/\/academiaritmosopelana.com\/#organization","name":"Academia Ritmo Sopelana","url":"https:\/\/academiaritmosopelana.com\/","logo":{"@type":"ImageObject","inLanguage":"eu","@id":"https:\/\/academiaritmosopelana.com\/#\/schema\/logo\/image\/","url":"https:\/\/academiaritmosopelana.com\/wp-content\/uploads\/2025\/12\/cropped-academiamsicaritmo202510_logo_web.png","contentUrl":"https:\/\/academiaritmosopelana.com\/wp-content\/uploads\/2025\/12\/cropped-academiamsicaritmo202510_logo_web.png","width":1080,"height":309,"caption":"Academia Ritmo Sopelana"},"image":{"@id":"https:\/\/academiaritmosopelana.com\/#\/schema\/logo\/image\/"}}]}},"_links":{"self":[{"href":"https:\/\/academiaritmosopelana.com\/eu\/wp-json\/wp\/v2\/pages\/2","targetHints":{"allow":["GET"]}}],"collection":[{"href":"https:\/\/academiaritmosopelana.com\/eu\/wp-json\/wp\/v2\/pages"}],"about":[{"href":"https:\/\/academiaritmosopelana.com\/eu\/wp-json\/wp\/v2\/types\/page"}],"author":[{"embeddable":true,"href":"https:\/\/academiaritmosopelana.com\/eu\/wp-json\/wp\/v2\/users\/1"}],"replies":[{"embeddable":true,"href":"https:\/\/academiaritmosopelana.com\/eu\/wp-json\/wp\/v2\/comments?post=2"}],"version-history":[{"count":40,"href":"https:\/\/academiaritmosopelana.com\/eu\/wp-json\/wp\/v2\/pages\/2\/revisions"}],"predecessor-version":[{"id":505,"href":"https:\/\/academiaritmosopelana.com\/eu\/wp-json\/wp\/v2\/pages\/2\/revisions\/505"}],"wp:attachment":[{"href":"https:\/\/academiaritmosopelana.com\/eu\/wp-json\/wp\/v2\/media?parent=2"}],"curies":[{"name":"wp","href":"https:\/\/api.w.org\/{rel}","templated":true}]}}